{"id":154,"date":"2024-09-02T07:08:27","date_gmt":"2024-09-02T05:08:27","guid":{"rendered":"https:\/\/www.hunddagisetmariestad.se\/?page_id=154"},"modified":"2025-04-29T09:34:13","modified_gmt":"2025-04-29T07:34:13","slug":"boka-tid","status":"publish","type":"page","link":"https:\/\/www.hunddagisetmariestad.se\/?page_id=154","title":{"rendered":"BOKA TID"},"content":{"rendered":"\n<p>Alexandra \u00e4r certifierad Hundfris\u00f6r via Hundens Hus i G\u00f6teborg sedan 1 april 2025.<\/p>\n\n\n\n<p>P\u00e5 Johannesberg i&nbsp;Mariestad finner Ni oss i samma lokaler som hunddagiset.&nbsp;<\/p>\n\n\n\n<p>Har ni fr\u00e5gor f\u00e5r ni v\u00e4ldigt g\u00e4rna st\u00e4lla de via: info@hunddagisetmariestad.se<\/p>\n\n\n\n<p>Har du en hund som beh\u00f6ver lite ompyssling \u00e4r du varmt v\u00e4lkommen att boka tid \ud83d\ude42&nbsp;<\/p>\n\n\n\n<p>N\u00e4r ni bokar via bokningssidan \u00f6nskar jag att ni anger:<\/p>\n\n\n\n<p>-Hundens namn och \u00e5lder<\/p>\n\n\n\n<p>-Hundens ras\/raser<\/p>\n\n\n\n<p>-Hundens mankh\u00f6jd<\/p>\n\n\n\n<p>-\u00d6nskem\u00e5l om frisyr, om s\u00e5dan finns.<\/p>\n\n\n\n<p> Via l\u00e4nken nedan kan ni boka er tid. Tveka inte p\u00e5 att h\u00f6ra av er om ni undrar n\u00e5got!<\/p>\n\n\n\n<p>info@hunddagisetmariestad.se<\/p>\n\n\n\n<p class=\"has-text-align-left has-large-font-size\"><a href=\"https:\/\/hunddagisetmariestad.valei.com\/\">Boka tid hos Hunddagiset Mariestad AB (valei.com)<\/a><\/p>\n\n\n\n<p><\/p>\n","protected":false},"excerpt":{"rendered":"<p>Alexandra \u00e4r certifierad Hundfris\u00f6r via Hundens Hus i G\u00f6teborg sedan 1 april 2025. P\u00e5 Johannesberg i&nbsp;Mariestad finner Ni oss i samma lokaler som hunddagiset.&nbsp; Har ni fr\u00e5gor f\u00e5r ni v\u00e4ldigt g\u00e4rna st\u00e4lla de via: info@hunddagisetmariestad.se Har du en hund som beh\u00f6ver lite ompyssling \u00e4r du varmt v\u00e4lkommen att boka tid \ud83d\ude42&nbsp; N\u00e4r ni bokar via [&hellip;]<\/p>\n","protected":false},"author":3,"featured_media":0,"parent":0,"menu_order":0,"comment_status":"closed","ping_status":"closed","template":"","meta":{"footnotes":""},"class_list":["post-154","page","type-page","status-publish","hentry"],"_links":{"self":[{"href":"https:\/\/www.hunddagisetmariestad.se\/index.php?rest_route=\/wp\/v2\/pages\/154","targetHints":{"allow":["GET"]}}],"collection":[{"href":"https:\/\/www.hunddagisetmariestad.se\/index.php?rest_route=\/wp\/v2\/pages"}],"about":[{"href":"https:\/\/www.hunddagisetmariestad.se\/index.php?rest_route=\/wp\/v2\/types\/page"}],"author":[{"embeddable":true,"href":"https:\/\/www.hunddagisetmariestad.se\/index.php?rest_route=\/wp\/v2\/users\/3"}],"replies":[{"embeddable":true,"href":"https:\/\/www.hunddagisetmariestad.se\/index.php?rest_route=%2Fwp%2Fv2%2Fcomments&post=154"}],"version-history":[{"count":4,"href":"https:\/\/www.hunddagisetmariestad.se\/index.php?rest_route=\/wp\/v2\/pages\/154\/revisions"}],"predecessor-version":[{"id":205,"href":"https:\/\/www.hunddagisetmariestad.se\/index.php?rest_route=\/wp\/v2\/pages\/154\/revisions\/205"}],"wp:attachment":[{"href":"https:\/\/www.hunddagisetmariestad.se\/index.php?rest_route=%2Fwp%2Fv2%2Fmedia&parent=154"}],"curies":[{"name":"wp","href":"https:\/\/api.w.org\/{rel}","templated":true}]}}