{"id":240,"date":"2025-08-10T21:46:56","date_gmt":"2025-08-10T19:46:56","guid":{"rendered":"https:\/\/www.hunddagisetmariestad.se\/?page_id=240"},"modified":"2025-08-10T21:46:56","modified_gmt":"2025-08-10T19:46:56","slug":"sund-hundmat","status":"publish","type":"page","link":"https:\/\/www.hunddagisetmariestad.se\/?page_id=240","title":{"rendered":"SUND HUNDMAT"},"content":{"rendered":"\n<figure class=\"wp-block-image aligncenter size-large is-resized\"><img loading=\"lazy\" decoding=\"async\" width=\"960\" height=\"1280\" src=\"https:\/\/www.hunddagisetmariestad.se\/wp-content\/uploads\/2025\/08\/IMG_0335-3-960x1280.jpg\" alt=\"\" class=\"wp-image-242\" style=\"width:291px;height:auto\" srcset=\"https:\/\/www.hunddagisetmariestad.se\/wp-content\/uploads\/2025\/08\/IMG_0335-3-960x1280.jpg 960w, https:\/\/www.hunddagisetmariestad.se\/wp-content\/uploads\/2025\/08\/IMG_0335-3-270x360.jpg 270w, https:\/\/www.hunddagisetmariestad.se\/wp-content\/uploads\/2025\/08\/IMG_0335-3-180x240.jpg 180w, https:\/\/www.hunddagisetmariestad.se\/wp-content\/uploads\/2025\/08\/IMG_0335-3-768x1024.jpg 768w, https:\/\/www.hunddagisetmariestad.se\/wp-content\/uploads\/2025\/08\/IMG_0335-3-1152x1536.jpg 1152w, https:\/\/www.hunddagisetmariestad.se\/wp-content\/uploads\/2025\/08\/IMG_0335-3-1536x2048.jpg 1536w, https:\/\/www.hunddagisetmariestad.se\/wp-content\/uploads\/2025\/08\/IMG_0335-3-scaled.jpg 1920w\" sizes=\"auto, (max-width: 960px) 100vw, 960px\" \/><\/figure>\n\n\n\n<p class=\"has-medium-font-size\"><strong>Varmt v\u00e4lkomna in i v\u00e5r lilla shop d\u00e4r vi har f\u00f6rs\u00e4ljning av Sund hundmat. <\/strong><\/p>\n\n\n\n<p class=\"has-medium-font-size\">Ute i butiken finns v\u00e5rt sortiment av frystorkat godis och tugg. Frysarna har vi fyllt med f\u00e4rskfoder och frysta tugg. Saknar ni n\u00e5got i v\u00e5rt sortiment s\u00e5 \u00e4r det bara att s\u00e4ga till s\u00e5 l\u00f6ser vi det.<\/p>\n\n\n\n<figure class=\"wp-block-gallery has-nested-images columns-default is-cropped wp-block-gallery-1 is-layout-flex wp-block-gallery-is-layout-flex\">\n<figure class=\"wp-block-image size-large is-resized\"><img loading=\"lazy\" decoding=\"async\" width=\"960\" height=\"1280\" data-id=\"243\" src=\"https:\/\/www.hunddagisetmariestad.se\/wp-content\/uploads\/2025\/08\/IMG_0333-8-960x1280.jpg\" alt=\"\" class=\"wp-image-243\" style=\"width:335px;height:auto\" srcset=\"https:\/\/www.hunddagisetmariestad.se\/wp-content\/uploads\/2025\/08\/IMG_0333-8-960x1280.jpg 960w, https:\/\/www.hunddagisetmariestad.se\/wp-content\/uploads\/2025\/08\/IMG_0333-8-270x360.jpg 270w, https:\/\/www.hunddagisetmariestad.se\/wp-content\/uploads\/2025\/08\/IMG_0333-8-180x240.jpg 180w, https:\/\/www.hunddagisetmariestad.se\/wp-content\/uploads\/2025\/08\/IMG_0333-8-768x1024.jpg 768w, https:\/\/www.hunddagisetmariestad.se\/wp-content\/uploads\/2025\/08\/IMG_0333-8-1152x1536.jpg 1152w, https:\/\/www.hunddagisetmariestad.se\/wp-content\/uploads\/2025\/08\/IMG_0333-8-1536x2048.jpg 1536w, https:\/\/www.hunddagisetmariestad.se\/wp-content\/uploads\/2025\/08\/IMG_0333-8-scaled.jpg 1920w\" sizes=\"auto, (max-width: 960px) 100vw, 960px\" \/><\/figure>\n\n\n\n<figure class=\"wp-block-image size-large is-resized\"><img loading=\"lazy\" decoding=\"async\" width=\"960\" height=\"1280\" data-id=\"244\" src=\"https:\/\/www.hunddagisetmariestad.se\/wp-content\/uploads\/2025\/08\/IMG_0334-2-960x1280.jpg\" alt=\"\" class=\"wp-image-244\" style=\"width:332px;height:auto\" srcset=\"https:\/\/www.hunddagisetmariestad.se\/wp-content\/uploads\/2025\/08\/IMG_0334-2-960x1280.jpg 960w, https:\/\/www.hunddagisetmariestad.se\/wp-content\/uploads\/2025\/08\/IMG_0334-2-270x360.jpg 270w, https:\/\/www.hunddagisetmariestad.se\/wp-content\/uploads\/2025\/08\/IMG_0334-2-180x240.jpg 180w, https:\/\/www.hunddagisetmariestad.se\/wp-content\/uploads\/2025\/08\/IMG_0334-2-768x1024.jpg 768w, https:\/\/www.hunddagisetmariestad.se\/wp-content\/uploads\/2025\/08\/IMG_0334-2-1152x1536.jpg 1152w, https:\/\/www.hunddagisetmariestad.se\/wp-content\/uploads\/2025\/08\/IMG_0334-2-1536x2048.jpg 1536w, https:\/\/www.hunddagisetmariestad.se\/wp-content\/uploads\/2025\/08\/IMG_0334-2-scaled.jpg 1920w\" sizes=\"auto, (max-width: 960px) 100vw, 960px\" \/><\/figure>\n<\/figure>\n\n\n\n<p>Wiktor Sandecki grundare av Sund Hundmat &#8211; Ett modernt f\u00e4rskt helfoder som tar tydligt avst\u00e5nd fr\u00e5n intensivuppf\u00f6dning och har en produktion som drivs till 100% av f\u00f6rnyelsebar energi.<\/p>\n\n\n\n<p>Nedan i l\u00e4nken kan ni l\u00e4sa om deras produkter.<\/p>\n\n\n\n<p><a href=\"https:\/\/sundhundmat.se\/\">Sund Hundmat | naturligt f\u00e4rskt helfoder<\/a><\/p>\n\n\n\n<p><\/p>\n","protected":false},"excerpt":{"rendered":"<p>Varmt v\u00e4lkomna in i v\u00e5r lilla shop d\u00e4r vi har f\u00f6rs\u00e4ljning av Sund hundmat. Ute i butiken finns v\u00e5rt sortiment av frystorkat godis och tugg. Frysarna har vi fyllt med f\u00e4rskfoder och frysta tugg. Saknar ni n\u00e5got i v\u00e5rt sortiment s\u00e5 \u00e4r det bara att s\u00e4ga till s\u00e5 l\u00f6ser vi det. Wiktor Sandecki grundare av [&hellip;]<\/p>\n","protected":false},"author":3,"featured_media":0,"parent":0,"menu_order":0,"comment_status":"closed","ping_status":"closed","template":"","meta":{"footnotes":""},"class_list":["post-240","page","type-page","status-publish","hentry"],"_links":{"self":[{"href":"https:\/\/www.hunddagisetmariestad.se\/index.php?rest_route=\/wp\/v2\/pages\/240","targetHints":{"allow":["GET"]}}],"collection":[{"href":"https:\/\/www.hunddagisetmariestad.se\/index.php?rest_route=\/wp\/v2\/pages"}],"about":[{"href":"https:\/\/www.hunddagisetmariestad.se\/index.php?rest_route=\/wp\/v2\/types\/page"}],"author":[{"embeddable":true,"href":"https:\/\/www.hunddagisetmariestad.se\/index.php?rest_route=\/wp\/v2\/users\/3"}],"replies":[{"embeddable":true,"href":"https:\/\/www.hunddagisetmariestad.se\/index.php?rest_route=%2Fwp%2Fv2%2Fcomments&post=240"}],"version-history":[{"count":2,"href":"https:\/\/www.hunddagisetmariestad.se\/index.php?rest_route=\/wp\/v2\/pages\/240\/revisions"}],"predecessor-version":[{"id":246,"href":"https:\/\/www.hunddagisetmariestad.se\/index.php?rest_route=\/wp\/v2\/pages\/240\/revisions\/246"}],"wp:attachment":[{"href":"https:\/\/www.hunddagisetmariestad.se\/index.php?rest_route=%2Fwp%2Fv2%2Fmedia&parent=240"}],"curies":[{"name":"wp","href":"https:\/\/api.w.org\/{rel}","templated":true}]}}