{"id":37,"date":"2023-08-12T13:01:45","date_gmt":"2023-08-12T11:01:45","guid":{"rendered":"https:\/\/www.hunddagisetmariestad.se\/?page_id=37"},"modified":"2025-12-22T14:35:18","modified_gmt":"2025-12-22T13:35:18","slug":"prislista","status":"publish","type":"page","link":"https:\/\/www.hunddagisetmariestad.se\/?page_id=37","title":{"rendered":"PRISLISTA"},"content":{"rendered":"\n<figure class=\"wp-block-image aligncenter is-resized\"><img decoding=\"async\" src=\"https:\/\/www.hunddagisetmariestad.se\/wp-content\/uploads\/2023\/08\/HM_1_Fb-profilbild_180x180.png\" alt=\"Denna bild har ett alt-attribut som \u00e4r tomt. Dess filnamn \u00e4r HM_1_Fb-profilbild_180x180.png\" style=\"width:237px;height:237px\"\/><\/figure>\n\n\n\n<p><strong>Prislista f\u00f6r Hunddagiset Mariestad G\u00e4ller fr\u00e5n 2026-01-01<\/strong><\/p>\n\n\n\n<p><strong><em>HELTID (f\u00f6rskottsbetalning)&nbsp;<\/em><\/strong><\/p>\n\n\n\n<p>5 dagar\u00a0 veckan \u00a0 \u00a0 \u00a0 \u00a0 \u00a03400 :- \/ m\u00e5nad<\/p>\n\n\n\n<p><strong><em>DELTID (f\u00f6rskottsbetalning)&nbsp;<\/em><\/strong><\/p>\n\n\n\n<p>4 dag\/vecka \u00a0 \u00a0 \u00a0 \u00a0 \u00a0 \u00a0 \u00a0 \u00a0  \u00a03200:- \/ m\u00e5nad<br>3 dag\/vecka \u00a0 \u00a0 \u00a0 \u00a0 \u00a0 \u00a0 \u00a0 \u00a0   2700:- \/ m\u00e5nad<br>2 dag\/vecka \u00a0 \u00a0 \u00a0 \u00a0 \u00a0 \u00a0 \u00a0 \u00a0 \u00a0 2200:- \/ m\u00e5nad<br>1 dag\/vecka \u00a0 \u00a0 \u00a0 \u00a0 \u00a0 \u00a0 \u00a0 \u00a0 \u00a0 1600:- \/ m\u00e5nad<br>Extra dag vid deltid\u00a0 \u00a0 \u00a0 350:-\/dag (i m\u00e5n av plats och faktureras i efterskott)<\/p>\n\n\n\n<p>F\u00f6r 2 hundar fr\u00e5n samma hush\u00e5ll, f\u00e5r den ena hunden 50 % rabatt.<\/p>\n\n\n\n<p><strong><em>ENSTAKA DAGAR (swishas p\u00e5 plats)<\/em><\/strong><br>V\u00e4ljer man detta har man ingen garanterad plats men bokad dag \u00e4r bokad. Det g\u00e5r som tidigast boka 2 m\u00e5nader i f\u00f6rv\u00e4g.&nbsp;<br><br>450:\u2013 \/dag<\/p>\n","protected":false},"excerpt":{"rendered":"<p>Prislista f\u00f6r Hunddagiset Mariestad G\u00e4ller fr\u00e5n 2026-01-01 HELTID (f\u00f6rskottsbetalning)&nbsp; 5 dagar\u00a0 veckan \u00a0 \u00a0 \u00a0 \u00a0 \u00a03400 :- \/ m\u00e5nad DELTID (f\u00f6rskottsbetalning)&nbsp; 4 dag\/vecka \u00a0 \u00a0 \u00a0 \u00a0 \u00a0 \u00a0 \u00a0 \u00a0 \u00a03200:- \/ m\u00e5nad3 dag\/vecka \u00a0 \u00a0 \u00a0 \u00a0 \u00a0 \u00a0 \u00a0 \u00a0 2700:- \/ m\u00e5nad2 dag\/vecka \u00a0 \u00a0 \u00a0 \u00a0 \u00a0 \u00a0 \u00a0 [&hellip;]<\/p>\n","protected":false},"author":3,"featured_media":0,"parent":0,"menu_order":0,"comment_status":"closed","ping_status":"closed","template":"","meta":{"footnotes":""},"class_list":["post-37","page","type-page","status-publish","hentry"],"_links":{"self":[{"href":"https:\/\/www.hunddagisetmariestad.se\/index.php?rest_route=\/wp\/v2\/pages\/37","targetHints":{"allow":["GET"]}}],"collection":[{"href":"https:\/\/www.hunddagisetmariestad.se\/index.php?rest_route=\/wp\/v2\/pages"}],"about":[{"href":"https:\/\/www.hunddagisetmariestad.se\/index.php?rest_route=\/wp\/v2\/types\/page"}],"author":[{"embeddable":true,"href":"https:\/\/www.hunddagisetmariestad.se\/index.php?rest_route=\/wp\/v2\/users\/3"}],"replies":[{"embeddable":true,"href":"https:\/\/www.hunddagisetmariestad.se\/index.php?rest_route=%2Fwp%2Fv2%2Fcomments&post=37"}],"version-history":[{"count":5,"href":"https:\/\/www.hunddagisetmariestad.se\/index.php?rest_route=\/wp\/v2\/pages\/37\/revisions"}],"predecessor-version":[{"id":270,"href":"https:\/\/www.hunddagisetmariestad.se\/index.php?rest_route=\/wp\/v2\/pages\/37\/revisions\/270"}],"wp:attachment":[{"href":"https:\/\/www.hunddagisetmariestad.se\/index.php?rest_route=%2Fwp%2Fv2%2Fmedia&parent=37"}],"curies":[{"name":"wp","href":"https:\/\/api.w.org\/{rel}","templated":true}]}}