{"id":79,"date":"2023-11-16T18:56:44","date_gmt":"2023-11-16T17:56:44","guid":{"rendered":"https:\/\/www.hunddagisetmariestad.se\/?page_id=79"},"modified":"2025-08-10T21:24:42","modified_gmt":"2025-08-10T19:24:42","slug":"79-2","status":"publish","type":"page","link":"https:\/\/www.hunddagisetmariestad.se\/?page_id=79","title":{"rendered":"ANS\u00d6KAN DAGISPLATS"},"content":{"rendered":"\n<p><\/p>\n\n\n\n<figure class=\"wp-block-image aligncenter is-resized\"><img loading=\"lazy\" decoding=\"async\" width=\"180\" height=\"180\" src=\"https:\/\/www.hunddagisetmariestad.se\/wp-content\/uploads\/2023\/06\/HM_1_Insta-profilbild_180x180.png\" alt=\"\" class=\"wp-image-9\" style=\"width:230px;height:auto\"\/><\/figure>\n\n\n\n<h2 class=\"wp-block-heading has-text-align-center\">Ans\u00f6kan Dagisplats<\/h2>\n\n\n\n<p>Om ni \u00e4r intresserade av att l\u00e5ta er p\u00e4lskling h\u00e4nga med oss under dagen medan ni jobbar eller g\u00e5r i skolan, fyll d\u00e5 i ans\u00f6kan h\u00e4r nedan s\u00e5 h\u00f6r vi av oss s\u00e5 fort det blir en ledig plats. <\/p>\n\n\n\n<figure class=\"wp-block-image aligncenter size-large is-resized\"><img loading=\"lazy\" decoding=\"async\" width=\"1280\" height=\"960\" src=\"https:\/\/www.hunddagisetmariestad.se\/wp-content\/uploads\/2025\/08\/IMG_9835-1280x960.jpg\" alt=\"\" class=\"wp-image-236\" style=\"width:475px;height:auto\" srcset=\"https:\/\/www.hunddagisetmariestad.se\/wp-content\/uploads\/2025\/08\/IMG_9835-1280x960.jpg 1280w, https:\/\/www.hunddagisetmariestad.se\/wp-content\/uploads\/2025\/08\/IMG_9835-360x270.jpg 360w, https:\/\/www.hunddagisetmariestad.se\/wp-content\/uploads\/2025\/08\/IMG_9835-240x180.jpg 240w, https:\/\/www.hunddagisetmariestad.se\/wp-content\/uploads\/2025\/08\/IMG_9835-768x576.jpg 768w, https:\/\/www.hunddagisetmariestad.se\/wp-content\/uploads\/2025\/08\/IMG_9835-1536x1152.jpg 1536w, https:\/\/www.hunddagisetmariestad.se\/wp-content\/uploads\/2025\/08\/IMG_9835-2048x1536.jpg 2048w\" sizes=\"auto, (max-width: 1280px) 100vw, 1280px\" \/><\/figure>\n\n\n\n<p><a href=\"https:\/\/docs.google.com\/forms\/d\/e\/1FAIpQLScHDPSwLyCtT7GsqgSHlH_89YVljPrEUqJuCQUMi_lpZaA_dA\/viewform\">Ans\u00f6kan dagisplats (google.com)<\/a><\/p>\n\n\n\n<p><\/p>\n\n\n\n<p>Just nu har vi k\u00f6 f\u00f6r att f\u00e5 en plats hos oss, det kan dr\u00f6ja allt fr\u00e5n 2 m\u00e5nader upp till 1 \u00e5r. Fyll g\u00e4rna i en ans\u00f6kan s\u00e5 h\u00f6r vi av oss s\u00e5 fort det blir en ledig plats.  <\/p>\n\n\n\n<figure class=\"wp-block-image aligncenter size-large is-resized\"><img loading=\"lazy\" decoding=\"async\" width=\"960\" height=\"1280\" src=\"https:\/\/www.hunddagisetmariestad.se\/wp-content\/uploads\/2025\/08\/IMG_9832-960x1280.jpg\" alt=\"\" class=\"wp-image-238\" style=\"width:344px;height:auto\" srcset=\"https:\/\/www.hunddagisetmariestad.se\/wp-content\/uploads\/2025\/08\/IMG_9832-960x1280.jpg 960w, https:\/\/www.hunddagisetmariestad.se\/wp-content\/uploads\/2025\/08\/IMG_9832-270x360.jpg 270w, https:\/\/www.hunddagisetmariestad.se\/wp-content\/uploads\/2025\/08\/IMG_9832-180x240.jpg 180w, https:\/\/www.hunddagisetmariestad.se\/wp-content\/uploads\/2025\/08\/IMG_9832-768x1024.jpg 768w, https:\/\/www.hunddagisetmariestad.se\/wp-content\/uploads\/2025\/08\/IMG_9832-1152x1536.jpg 1152w, https:\/\/www.hunddagisetmariestad.se\/wp-content\/uploads\/2025\/08\/IMG_9832-1536x2048.jpg 1536w, https:\/\/www.hunddagisetmariestad.se\/wp-content\/uploads\/2025\/08\/IMG_9832-scaled.jpg 1920w\" sizes=\"auto, (max-width: 960px) 100vw, 960px\" \/><\/figure>\n","protected":false},"excerpt":{"rendered":"<p>Ans\u00f6kan Dagisplats Om ni \u00e4r intresserade av att l\u00e5ta er p\u00e4lskling h\u00e4nga med oss under dagen medan ni jobbar eller g\u00e5r i skolan, fyll d\u00e5 i ans\u00f6kan h\u00e4r nedan s\u00e5 h\u00f6r vi av oss s\u00e5 fort det blir en ledig plats. Ans\u00f6kan dagisplats (google.com) Just nu har vi k\u00f6 f\u00f6r att f\u00e5 en plats hos [&hellip;]<\/p>\n","protected":false},"author":3,"featured_media":0,"parent":0,"menu_order":0,"comment_status":"closed","ping_status":"closed","template":"","meta":{"footnotes":""},"class_list":["post-79","page","type-page","status-publish","hentry"],"_links":{"self":[{"href":"https:\/\/www.hunddagisetmariestad.se\/index.php?rest_route=\/wp\/v2\/pages\/79","targetHints":{"allow":["GET"]}}],"collection":[{"href":"https:\/\/www.hunddagisetmariestad.se\/index.php?rest_route=\/wp\/v2\/pages"}],"about":[{"href":"https:\/\/www.hunddagisetmariestad.se\/index.php?rest_route=\/wp\/v2\/types\/page"}],"author":[{"embeddable":true,"href":"https:\/\/www.hunddagisetmariestad.se\/index.php?rest_route=\/wp\/v2\/users\/3"}],"replies":[{"embeddable":true,"href":"https:\/\/www.hunddagisetmariestad.se\/index.php?rest_route=%2Fwp%2Fv2%2Fcomments&post=79"}],"version-history":[{"count":10,"href":"https:\/\/www.hunddagisetmariestad.se\/index.php?rest_route=\/wp\/v2\/pages\/79\/revisions"}],"predecessor-version":[{"id":239,"href":"https:\/\/www.hunddagisetmariestad.se\/index.php?rest_route=\/wp\/v2\/pages\/79\/revisions\/239"}],"wp:attachment":[{"href":"https:\/\/www.hunddagisetmariestad.se\/index.php?rest_route=%2Fwp%2Fv2%2Fmedia&parent=79"}],"curies":[{"name":"wp","href":"https:\/\/api.w.org\/{rel}","templated":true}]}}