{"id":91,"date":"2023-11-16T19:42:41","date_gmt":"2023-11-16T18:42:41","guid":{"rendered":"https:\/\/www.hunddagisetmariestad.se\/?page_id=91"},"modified":"2024-09-02T13:43:32","modified_gmt":"2024-09-02T11:43:32","slug":"vi-som-tar-hand-om-era-hundar","status":"publish","type":"page","link":"https:\/\/www.hunddagisetmariestad.se\/?page_id=91","title":{"rendered":"OM OSS"},"content":{"rendered":"\n<p><\/p>\n\n\n\n<p class=\"has-pale-pink-color has-tertiary-background-color has-text-color has-background has-link-color has-medium-font-size wp-elements-c06f5475c7c12662284edd6481004b58\"><strong><em>ANJA FARKEN<\/em><\/strong>, Anja \u00e4ger och driver Hunddagiset Mariestad AB som hon tog \u00f6ver efter Rebecka H\u00f6geg\u00e5rd i april -23. Innan dess har hon arbetat inom industrins fyra v\u00e4ggar, varit restaurangbitr\u00e4de och personlig assistent. Sedan har hon utbildat sig till Hundsk\u00f6tare via Royal Dog Education och d\u00e4rmed har vi turen att ha henne som v\u00e5r chef. Hon bor i Ullervad med sin man Nisse, sin dotter Alva och sj\u00e4lvklart finns det tre hundar i hush\u00e5llet &#8211; Milo, Freja och nytillskottet Murie. I stallet n\u00e5gra meter bort fr\u00e5n hemmet st\u00e5r deras h\u00e4st Jukon. Anja har alltid haft ett gediget hundintresse, ni vet det d\u00e4r lilla extra. Tr\u00e4nar och t\u00e4vlar Nosework med sin Milo och s\u00e5 sm\u00e5ningom med Freja och Maurie. Hon \u00e4r en varm, \u00f6dmjuk och glad prick. Hon tycker om att fika, skratta och duscha i Rituals Karma. Hennes styrka p\u00e5 arbetsplatsen \u00e4r att : hon \u00e4r trygg, hon har en otrolig k\u00e4nsla f\u00f6r hunden, hon ser varje individ s\u00e5v\u00e4l hund som m\u00e4nniska och stressar inte upp sig i on\u00f6dan.<\/p>\n\n\n\n<p class=\"has-pale-pink-color has-tertiary-background-color has-text-color has-background has-link-color wp-elements-2215abe370b92f4c84f2854d13185f1b\"><strong><em>ALEXANDRA MILLAND<\/em><\/strong>, <\/p>\n\n\n\n<p class=\"has-pale-pink-color has-tertiary-background-color has-text-color has-background has-link-color wp-elements-8905eb0763aabb8dfc11f0b18d758b31\"><strong>CAJSA ANDERSSON<\/strong>, <\/p>\n\n\n\n<p><\/p>\n","protected":false},"excerpt":{"rendered":"<p>ANJA FARKEN, Anja \u00e4ger och driver Hunddagiset Mariestad AB som hon tog \u00f6ver efter Rebecka H\u00f6geg\u00e5rd i april -23. Innan dess har hon arbetat inom industrins fyra v\u00e4ggar, varit restaurangbitr\u00e4de och personlig assistent. Sedan har hon utbildat sig till Hundsk\u00f6tare via Royal Dog Education och d\u00e4rmed har vi turen att ha henne som v\u00e5r chef. [&hellip;]<\/p>\n","protected":false},"author":3,"featured_media":0,"parent":0,"menu_order":0,"comment_status":"closed","ping_status":"closed","template":"","meta":{"footnotes":""},"class_list":["post-91","page","type-page","status-publish","hentry"],"_links":{"self":[{"href":"https:\/\/www.hunddagisetmariestad.se\/index.php?rest_route=\/wp\/v2\/pages\/91","targetHints":{"allow":["GET"]}}],"collection":[{"href":"https:\/\/www.hunddagisetmariestad.se\/index.php?rest_route=\/wp\/v2\/pages"}],"about":[{"href":"https:\/\/www.hunddagisetmariestad.se\/index.php?rest_route=\/wp\/v2\/types\/page"}],"author":[{"embeddable":true,"href":"https:\/\/www.hunddagisetmariestad.se\/index.php?rest_route=\/wp\/v2\/users\/3"}],"replies":[{"embeddable":true,"href":"https:\/\/www.hunddagisetmariestad.se\/index.php?rest_route=%2Fwp%2Fv2%2Fcomments&post=91"}],"version-history":[{"count":5,"href":"https:\/\/www.hunddagisetmariestad.se\/index.php?rest_route=\/wp\/v2\/pages\/91\/revisions"}],"predecessor-version":[{"id":164,"href":"https:\/\/www.hunddagisetmariestad.se\/index.php?rest_route=\/wp\/v2\/pages\/91\/revisions\/164"}],"wp:attachment":[{"href":"https:\/\/www.hunddagisetmariestad.se\/index.php?rest_route=%2Fwp%2Fv2%2Fmedia&parent=91"}],"curies":[{"name":"wp","href":"https:\/\/api.w.org\/{rel}","templated":true}]}}